{"id":3126,"date":"2024-01-01T16:06:09","date_gmt":"2024-01-01T13:06:09","guid":{"rendered":"https:\/\/turkiyehealthtourismassociation.com\/?page_id=3126"},"modified":"2024-01-02T16:59:50","modified_gmt":"2024-01-02T13:59:50","slug":"destek-hizmetleri-ve-danismanlik","status":"publish","type":"page","link":"https:\/\/turkiyehealthtourismassociation.com\/index.php\/destek-hizmetleri-ve-danismanlik\/","title":{"rendered":"Destek Hizmetleri Ve Dan\u0131\u015fmanl\u0131k"},"content":{"rendered":"\n<p><a href=\"https:\/\/turkiyehealthtourismassociation.com\/index.php\/desip-kapanis-toplantisi\/\" target=\"_blank\" rel=\"noopener\" title=\"DESIP Kapan\u0131\u015f Toplant\u0131s\u0131\">DESIP Kapan\u0131\u015f Toplant\u0131s\u0131<\/a><\/p>\n\n\n\n<p><a href=\"https:\/\/turkiyehealthtourismassociation.com\/index.php\/2024\/01\/02\/hastane-otelciligi-yonetimi-egitimi-basliyor\/\" target=\"_blank\" rel=\"noopener\" title=\"Hastane Otelcili\u011fi Y\u00f6netimi E\u011fitimi Ba\u015fl\u0131yor!\">Hastane Otelcili\u011fi Y\u00f6netimi E\u011fitimi Ba\u015fl\u0131yor!<\/a><\/p>\n\n\n\n<p><a href=\"https:\/\/turkiyehealthtourismassociation.com\/index.php\/2024\/01\/02\/8-van-turizm-ve-seyahat-fuari-basliyor\/\" target=\"_blank\" rel=\"noopener\" title=\"8. VAN TUR\u0130ZM VE SEYAHAT FUARI BA\u015eLIYOR!\">8. VAN TUR\u0130ZM VE SEYAHAT FUARI BA\u015eLIYOR!<\/a><\/p>\n\n\n\n<p><a href=\"https:\/\/turkiyehealthtourismassociation.com\/index.php\/2024\/01\/02\/surdurulebilirlik-kapsaminda-iskur-destekli-cagri-merkezi-operatorlugu-kurslarimiz-aciliyor\/\" target=\"_blank\" rel=\"noopener\" title=\"S\u00fcrd\u00fcr\u00fclebilirlik Kapsam\u0131nda \u0130\u015eKUR destekli \u00c7a\u011fr\u0131 Merkezi Operat\u00f6rl\u00fc\u011f\u00fc Kurslar\u0131m\u0131z A\u00e7\u0131l\u0131yor!\">S\u00fcrd\u00fcr\u00fclebilirlik Kapsam\u0131nda \u0130\u015eKUR destekli \u00c7a\u011fr\u0131 Merkezi Operat\u00f6rl\u00fc\u011f\u00fc Kurslar\u0131m\u0131z A\u00e7\u0131l\u0131yor!<\/a><\/p>\n\n\n\n<p><a href=\"https:\/\/turkiyehealthtourismassociation.com\/index.php\/2024\/01\/02\/desip-proje-egitimleri-basladi\/\" target=\"_blank\" rel=\"noopener\" title=\"DESIP Proje E\u011fitimleri Ba\u015flad\u0131!\">DESIP Proje E\u011fitimleri Ba\u015flad\u0131!<\/a><\/p>\n","protected":false},"excerpt":{"rendered":"<p>DESIP Kapan\u0131\u015f Toplant\u0131s\u0131 Hastane Otelcili\u011fi Y\u00f6netimi E\u011fitimi Ba\u015fl\u0131yor! 8. VAN TUR\u0130ZM VE SEYAHAT FUARI BA\u015eLIYOR! S\u00fcrd\u00fcr\u00fclebilirlik Kapsam\u0131nda \u0130\u015eKUR destekli \u00c7a\u011fr\u0131&hellip;<\/p>\n","protected":false},"author":1,"featured_media":0,"parent":0,"menu_order":0,"comment_status":"closed","ping_status":"closed","template":"","meta":{"om_disable_all_campaigns":false,"_monsterinsights_skip_tracking":false,"_monsterinsights_sitenote_active":false,"_monsterinsights_sitenote_note":"","_monsterinsights_sitenote_category":0,"footnotes":""},"class_list":["post-3126","page","type-page","status-publish","hentry"],"aioseo_notices":[],"_links":{"self":[{"href":"https:\/\/turkiyehealthtourismassociation.com\/index.php\/wp-json\/wp\/v2\/pages\/3126","targetHints":{"allow":["GET"]}}],"collection":[{"href":"https:\/\/turkiyehealthtourismassociation.com\/index.php\/wp-json\/wp\/v2\/pages"}],"about":[{"href":"https:\/\/turkiyehealthtourismassociation.com\/index.php\/wp-json\/wp\/v2\/types\/page"}],"author":[{"embeddable":true,"href":"https:\/\/turkiyehealthtourismassociation.com\/index.php\/wp-json\/wp\/v2\/users\/1"}],"replies":[{"embeddable":true,"href":"https:\/\/turkiyehealthtourismassociation.com\/index.php\/wp-json\/wp\/v2\/comments?post=3126"}],"version-history":[{"count":6,"href":"https:\/\/turkiyehealthtourismassociation.com\/index.php\/wp-json\/wp\/v2\/pages\/3126\/revisions"}],"predecessor-version":[{"id":3403,"href":"https:\/\/turkiyehealthtourismassociation.com\/index.php\/wp-json\/wp\/v2\/pages\/3126\/revisions\/3403"}],"wp:attachment":[{"href":"https:\/\/turkiyehealthtourismassociation.com\/index.php\/wp-json\/wp\/v2\/media?parent=3126"}],"curies":[{"name":"wp","href":"https:\/\/api.w.org\/{rel}","templated":true}]}}