{"id":3138,"date":"2024-01-01T16:11:59","date_gmt":"2024-01-01T13:11:59","guid":{"rendered":"https:\/\/turkiyehealthtourismassociation.com\/?page_id=3138"},"modified":"2024-01-01T16:12:00","modified_gmt":"2024-01-01T13:12:00","slug":"sektordeki-oncu-girisimler-ve-inovasyonlar","status":"publish","type":"page","link":"https:\/\/turkiyehealthtourismassociation.com\/index.php\/sektordeki-oncu-girisimler-ve-inovasyonlar\/","title":{"rendered":"Sekt\u00f6rdeki \u00d6nc\u00fc Giri\u015fimler Ve \u0130novasyonlar"},"content":{"rendered":"","protected":false},"excerpt":{"rendered":"","protected":false},"author":1,"featured_media":0,"parent":0,"menu_order":0,"comment_status":"closed","ping_status":"closed","template":"","meta":{"om_disable_all_campaigns":false,"_monsterinsights_skip_tracking":false,"_monsterinsights_sitenote_active":false,"_monsterinsights_sitenote_note":"","_monsterinsights_sitenote_category":0,"footnotes":""},"class_list":["post-3138","page","type-page","status-publish","hentry"],"aioseo_notices":[],"_links":{"self":[{"href":"https:\/\/turkiyehealthtourismassociation.com\/index.php\/wp-json\/wp\/v2\/pages\/3138","targetHints":{"allow":["GET"]}}],"collection":[{"href":"https:\/\/turkiyehealthtourismassociation.com\/index.php\/wp-json\/wp\/v2\/pages"}],"about":[{"href":"https:\/\/turkiyehealthtourismassociation.com\/index.php\/wp-json\/wp\/v2\/types\/page"}],"author":[{"embeddable":true,"href":"https:\/\/turkiyehealthtourismassociation.com\/index.php\/wp-json\/wp\/v2\/users\/1"}],"replies":[{"embeddable":true,"href":"https:\/\/turkiyehealthtourismassociation.com\/index.php\/wp-json\/wp\/v2\/comments?post=3138"}],"version-history":[{"count":1,"href":"https:\/\/turkiyehealthtourismassociation.com\/index.php\/wp-json\/wp\/v2\/pages\/3138\/revisions"}],"predecessor-version":[{"id":3139,"href":"https:\/\/turkiyehealthtourismassociation.com\/index.php\/wp-json\/wp\/v2\/pages\/3138\/revisions\/3139"}],"wp:attachment":[{"href":"https:\/\/turkiyehealthtourismassociation.com\/index.php\/wp-json\/wp\/v2\/media?parent=3138"}],"curies":[{"name":"wp","href":"https:\/\/api.w.org\/{rel}","templated":true}]}}