{"id":3144,"date":"2024-01-01T16:16:04","date_gmt":"2024-01-01T13:16:04","guid":{"rendered":"https:\/\/turkiyehealthtourismassociation.com\/?page_id=3144"},"modified":"2024-01-02T16:50:08","modified_gmt":"2024-01-02T13:50:08","slug":"onceki-etkinlikler-ve-sunumlar","status":"publish","type":"page","link":"https:\/\/turkiyehealthtourismassociation.com\/index.php\/onceki-etkinlikler-ve-sunumlar\/","title":{"rendered":"\u00d6nceki Etkinlikler Ve Sunumlar"},"content":{"rendered":"\n<p>Uluslararas\u0131 Sa\u011fl\u0131k Turizmi Kongreleri<\/p>\n\n\n\n<p><a href=\"https:\/\/turkiyehealthtourismassociation.com\/index.php\/2024\/01\/01\/1-uluslararasi-saglik-turizmi-kongresi\/\" target=\"_blank\" rel=\"noopener\" title=\"\">1.<strong>Uluslararas\u0131 Sa\u011fl\u0131k Turizmi Kongresi<\/strong><\/a><\/p>\n\n\n\n<p><a href=\"https:\/\/t\u00fcrkiyesaglikturizmi.com.tr\/index.php\/2024\/01\/01\/2-uluslararasi-saglik-turizmi-kongresi\/\" target=\"_blank\" rel=\"noopener\" title=\"2.Uluslararas\u0131 Sa\u011fl\u0131k Turizmi Kongresi\">2.Uluslararas\u0131 Sa\u011fl\u0131k Turizmi Kongresi<\/a><\/p>\n\n\n\n<p><\/p>\n\n\n\n<p>3.Uluslararas\u0131 Sa\u011fl\u0131k Turizmi Kongresi<\/p>\n\n\n\n<p><\/p>\n\n\n\n<p>4.Uluslararas\u0131 Sa\u011fl\u0131k Turizmi Kongresi<\/p>\n\n\n\n<p><\/p>\n\n\n\n<p><a href=\"https:\/\/turkiyehealthtourismassociation.com\/index.php\/2024\/01\/02\/v-uluslararasi-saglik-turizmi-kongresi-programiankaraato-kongresium-merkezi\/\" target=\"_blank\" rel=\"noopener\" title=\"5.Uluslararas\u0131 Sa\u011fl\u0131k Turizmi Kongresi\">5.Uluslararas\u0131 Sa\u011fl\u0131k Turizmi Kongresi<\/a><\/p>\n\n\n\n<p><\/p>\n\n\n\n<p>6.Uluslararas\u0131 Sa\u011fl\u0131k Turizmi Kongresi<\/p>\n\n\n\n<p><\/p>\n\n\n\n<p>7.Uluslararas\u0131 Sa\u011fl\u0131k Turizmi Kongresi<\/p>\n\n\n\n<p><\/p>\n\n\n\n<p><a href=\"https:\/\/turkiyehealthtourismassociation.com\/index.php\/2024\/01\/02\/8-uluslararasi-saglik-turizmi-kongresi-3-6-mayis-2018-de-kusadasinda\/\" target=\"_blank\" rel=\"noopener\" title=\"8.Uluslararas\u0131 Sa\u011fl\u0131k Turizmi Kongresi\">8.Uluslararas\u0131 Sa\u011fl\u0131k Turizmi Kongresi<\/a><\/p>\n\n\n\n<p><\/p>\n","protected":false},"excerpt":{"rendered":"<p>Uluslararas\u0131 Sa\u011fl\u0131k Turizmi Kongreleri 1.Uluslararas\u0131 Sa\u011fl\u0131k Turizmi Kongresi 2.Uluslararas\u0131 Sa\u011fl\u0131k Turizmi Kongresi 3.Uluslararas\u0131 Sa\u011fl\u0131k Turizmi Kongresi 4.Uluslararas\u0131 Sa\u011fl\u0131k Turizmi Kongresi&hellip;<\/p>\n","protected":false},"author":1,"featured_media":0,"parent":0,"menu_order":0,"comment_status":"closed","ping_status":"closed","template":"","meta":{"om_disable_all_campaigns":false,"_monsterinsights_skip_tracking":false,"_monsterinsights_sitenote_active":false,"_monsterinsights_sitenote_note":"","_monsterinsights_sitenote_category":0,"footnotes":""},"class_list":["post-3144","page","type-page","status-publish","hentry"],"aioseo_notices":[],"_links":{"self":[{"href":"https:\/\/turkiyehealthtourismassociation.com\/index.php\/wp-json\/wp\/v2\/pages\/3144","targetHints":{"allow":["GET"]}}],"collection":[{"href":"https:\/\/turkiyehealthtourismassociation.com\/index.php\/wp-json\/wp\/v2\/pages"}],"about":[{"href":"https:\/\/turkiyehealthtourismassociation.com\/index.php\/wp-json\/wp\/v2\/types\/page"}],"author":[{"embeddable":true,"href":"https:\/\/turkiyehealthtourismassociation.com\/index.php\/wp-json\/wp\/v2\/users\/1"}],"replies":[{"embeddable":true,"href":"https:\/\/turkiyehealthtourismassociation.com\/index.php\/wp-json\/wp\/v2\/comments?post=3144"}],"version-history":[{"count":9,"href":"https:\/\/turkiyehealthtourismassociation.com\/index.php\/wp-json\/wp\/v2\/pages\/3144\/revisions"}],"predecessor-version":[{"id":3381,"href":"https:\/\/turkiyehealthtourismassociation.com\/index.php\/wp-json\/wp\/v2\/pages\/3144\/revisions\/3381"}],"wp:attachment":[{"href":"https:\/\/turkiyehealthtourismassociation.com\/index.php\/wp-json\/wp\/v2\/media?parent=3144"}],"curies":[{"name":"wp","href":"https:\/\/api.w.org\/{rel}","templated":true}]}}