{"id":3156,"date":"2024-01-01T16:23:07","date_gmt":"2024-01-01T13:23:07","guid":{"rendered":"https:\/\/turkiyehealthtourismassociation.com\/?page_id=3156"},"modified":"2024-01-03T22:05:31","modified_gmt":"2024-01-03T19:05:31","slug":"sektorel-haberler-ve-analizler-2","status":"publish","type":"page","link":"https:\/\/turkiyehealthtourismassociation.com\/index.php\/sektorel-haberler-ve-analizler-2\/","title":{"rendered":"Sekt\u00f6rel Haberler Ve Analizler"},"content":{"rendered":"\n<p><a href=\"https:\/\/t\u00fcrkiyesaglikturizmi.com.tr\/index.php\/2024\/01\/03\/saglik-ve-spor-turizmi-hizmetleri-sektoru\/\" target=\"_blank\" rel=\"noopener\" title=\"5448 SAYILI H\u0130ZMET \u0130HRACATININ TANIMLANMASI,\nSINIFLANDIRILMASI VE DESTEKLENMES\u0130 HAKKINDA KARARIN SA\u011eLIK VE\nSPOR TUR\u0130ZM\u0130 H\u0130ZMETLER\u0130NE Y\u00d6NEL\u0130K UYGULAMA USUL VE ESASLARINA\n\u0130L\u0130\u015eK\u0130N GENELGE\">5448 SAYILI H\u0130ZMET \u0130HRACATININ TANIMLANMASI,<br>SINIFLANDIRILMASI VE DESTEKLENMES\u0130 HAKKINDA KARARIN SA\u011eLIK VE<br>SPOR TUR\u0130ZM\u0130 H\u0130ZMETLER\u0130NE Y\u00d6NEL\u0130K UYGULAMA USUL VE ESASLARINA<br>\u0130L\u0130\u015eK\u0130N GENELGE<\/a><\/p>\n\n\n\n<p><strong>Tescil ve Koruma Deste\u011fi<\/strong><\/p>\n\n\n\n<p><strong>Pazara Giri\u015f Belgeleri Deste\u011fi<\/strong><\/p>\n\n\n\n<p><strong>Acente Komisyon Deste\u011fi<\/strong><\/p>\n\n\n\n<p><strong>Komplikasyon ve Seyahat Sa\u011fl\u0131k Sigortas\u0131 Deste\u011fi<\/strong><\/p>\n\n\n\n<p><strong>\u0130stihdam Deste\u011fi<\/strong><\/p>\n\n\n\n<p><strong>Yabanc\u0131 Dil ve Sa\u011fl\u0131k Turizmi E\u011fitimi\u00a0Deste\u011fi<\/strong><\/p>\n\n\n\n<p><strong>Hasta Yol Deste\u011fi<\/strong><\/p>\n\n\n\n<p><strong>Reklam Tan\u0131t\u0131m ve Pazarlama Deste\u011fi<\/strong><\/p>\n\n\n\n<p><strong>Birim Deste\u011fi<\/strong><\/p>\n\n\n\n<p><strong>Yurt D\u0131\u015f\u0131 Etkinlik Kat\u0131l\u0131m\u00a0Deste\u011fi<\/strong><\/p>\n\n\n\n<p><strong>Milli Kat\u0131l\u0131m Organizasyonunu Tan\u0131t\u0131m\u00a0Deste\u011fi<\/strong><\/p>\n\n\n\n<p><strong>Yurt \u0130\u00e7i Etkinlik Kat\u0131l\u0131m\u00a0Deste\u011fi<\/strong><\/p>\n\n\n\n<p><strong>Yurt \u0130\u00e7i Tan\u0131t\u0131m ve E\u011fitim Deste\u011fi<\/strong><\/p>\n\n\n\n<p><strong>\u00dcr\u00fcn Yerle\u015ftirme Deste\u011fi<\/strong><\/p>\n\n\n\n<p><strong>Sekt\u00f6rel Al\u0131m Heyeti ve Sekt\u00f6rel Ticaret Heyeti Deste\u011fi<\/strong><\/p>\n","protected":false},"excerpt":{"rendered":"<p>5448 SAYILI H\u0130ZMET \u0130HRACATININ TANIMLANMASI,SINIFLANDIRILMASI VE DESTEKLENMES\u0130 HAKKINDA KARARIN SA\u011eLIK VESPOR TUR\u0130ZM\u0130 H\u0130ZMETLER\u0130NE Y\u00d6NEL\u0130K UYGULAMA USUL VE ESASLARINA\u0130L\u0130\u015eK\u0130N GENELGE Tescil&hellip;<\/p>\n","protected":false},"author":1,"featured_media":0,"parent":0,"menu_order":0,"comment_status":"closed","ping_status":"closed","template":"","meta":{"om_disable_all_campaigns":false,"_monsterinsights_skip_tracking":false,"_monsterinsights_sitenote_active":false,"_monsterinsights_sitenote_note":"","_monsterinsights_sitenote_category":0,"footnotes":""},"class_list":["post-3156","page","type-page","status-publish","hentry"],"aioseo_notices":[],"_links":{"self":[{"href":"https:\/\/turkiyehealthtourismassociation.com\/index.php\/wp-json\/wp\/v2\/pages\/3156","targetHints":{"allow":["GET"]}}],"collection":[{"href":"https:\/\/turkiyehealthtourismassociation.com\/index.php\/wp-json\/wp\/v2\/pages"}],"about":[{"href":"https:\/\/turkiyehealthtourismassociation.com\/index.php\/wp-json\/wp\/v2\/types\/page"}],"author":[{"embeddable":true,"href":"https:\/\/turkiyehealthtourismassociation.com\/index.php\/wp-json\/wp\/v2\/users\/1"}],"replies":[{"embeddable":true,"href":"https:\/\/turkiyehealthtourismassociation.com\/index.php\/wp-json\/wp\/v2\/comments?post=3156"}],"version-history":[{"count":4,"href":"https:\/\/turkiyehealthtourismassociation.com\/index.php\/wp-json\/wp\/v2\/pages\/3156\/revisions"}],"predecessor-version":[{"id":3529,"href":"https:\/\/turkiyehealthtourismassociation.com\/index.php\/wp-json\/wp\/v2\/pages\/3156\/revisions\/3529"}],"wp:attachment":[{"href":"https:\/\/turkiyehealthtourismassociation.com\/index.php\/wp-json\/wp\/v2\/media?parent=3156"}],"curies":[{"name":"wp","href":"https:\/\/api.w.org\/{rel}","templated":true}]}}