{"id":3382,"date":"2024-01-02T16:51:20","date_gmt":"2024-01-02T13:51:20","guid":{"rendered":"https:\/\/turkiyehealthtourismassociation.com\/?page_id=3382"},"modified":"2024-01-02T16:51:20","modified_gmt":"2024-01-02T13:51:20","slug":"desip-kapanis-toplantisi","status":"publish","type":"page","link":"https:\/\/turkiyehealthtourismassociation.com\/index.php\/desip-kapanis-toplantisi\/","title":{"rendered":"DESIP Kapan\u0131\u015f Toplant\u0131s\u0131"},"content":{"rendered":"\n<p><strong>Avrupa Birli\u011fi ve T\u00fcrkiye Cumhuriyeti taraf\u0131ndan finanse edilen, S\u00f6zle\u015fme Makam\u0131 \u00c7al\u0131\u015fma ve Sosyal G\u00fcvenlik Bakanl\u0131\u011f\u0131 Avrupa Birli\u011fi ve Mali Yard\u0131mlar Dairesi Ba\u015fkanl\u0131\u011f\u0131 olan ve T\u00fcrkiye Sa\u011fl\u0131k Turizm Derne\u011fi taraf\u0131ndan y\u00fcr\u00fct\u00fclen Dezavantajl\u0131 Ki\u015filerin Sosyal Entegrasyonu ile \u0130stihdam Edilebilirliklerinin Geli\u015ftirilmesi projesi kapsam\u0131nda 13 Ekim 2017 tarihinde kapan\u0131\u015f toplant\u0131m\u0131z ger\u00e7ekle\u015ftirilecektir. Konferans\u0131m\u0131zda sizleri aram\u0131zda g\u00f6rmekten onur duyar\u0131z.<\/strong><\/p>\n\n\n\n<figure class=\"wp-block-image size-full\"><img loading=\"lazy\" decoding=\"async\" width=\"643\" height=\"454\" src=\"https:\/\/turkiyehealthtourismassociation.com\/wp-content\/uploads\/2024\/01\/image-2.png\" alt=\"\" class=\"wp-image-3383\" srcset=\"https:\/\/turkiyehealthtourismassociation.com\/wp-content\/uploads\/2024\/01\/image-2.png 643w, https:\/\/turkiyehealthtourismassociation.com\/wp-content\/uploads\/2024\/01\/image-2-300x212.png 300w\" sizes=\"auto, (max-width: 643px) 100vw, 643px\" \/><\/figure>\n","protected":false},"excerpt":{"rendered":"<p>Avrupa Birli\u011fi ve T\u00fcrkiye Cumhuriyeti taraf\u0131ndan finanse edilen, S\u00f6zle\u015fme Makam\u0131 \u00c7al\u0131\u015fma ve Sosyal G\u00fcvenlik Bakanl\u0131\u011f\u0131 Avrupa Birli\u011fi ve Mali Yard\u0131mlar&hellip;<\/p>\n","protected":false},"author":1,"featured_media":0,"parent":0,"menu_order":0,"comment_status":"closed","ping_status":"closed","template":"","meta":{"om_disable_all_campaigns":false,"_monsterinsights_skip_tracking":false,"_monsterinsights_sitenote_active":false,"_monsterinsights_sitenote_note":"","_monsterinsights_sitenote_category":0,"footnotes":""},"class_list":["post-3382","page","type-page","status-publish","hentry"],"aioseo_notices":[],"_links":{"self":[{"href":"https:\/\/turkiyehealthtourismassociation.com\/index.php\/wp-json\/wp\/v2\/pages\/3382","targetHints":{"allow":["GET"]}}],"collection":[{"href":"https:\/\/turkiyehealthtourismassociation.com\/index.php\/wp-json\/wp\/v2\/pages"}],"about":[{"href":"https:\/\/turkiyehealthtourismassociation.com\/index.php\/wp-json\/wp\/v2\/types\/page"}],"author":[{"embeddable":true,"href":"https:\/\/turkiyehealthtourismassociation.com\/index.php\/wp-json\/wp\/v2\/users\/1"}],"replies":[{"embeddable":true,"href":"https:\/\/turkiyehealthtourismassociation.com\/index.php\/wp-json\/wp\/v2\/comments?post=3382"}],"version-history":[{"count":1,"href":"https:\/\/turkiyehealthtourismassociation.com\/index.php\/wp-json\/wp\/v2\/pages\/3382\/revisions"}],"predecessor-version":[{"id":3384,"href":"https:\/\/turkiyehealthtourismassociation.com\/index.php\/wp-json\/wp\/v2\/pages\/3382\/revisions\/3384"}],"wp:attachment":[{"href":"https:\/\/turkiyehealthtourismassociation.com\/index.php\/wp-json\/wp\/v2\/media?parent=3382"}],"curies":[{"name":"wp","href":"https:\/\/api.w.org\/{rel}","templated":true}]}}